{"id":26,"date":"2026-01-20T22:59:52","date_gmt":"2026-01-21T03:59:52","guid":{"rendered":"https:\/\/www.optimiste-montmagny.ca\/?page_id=26"},"modified":"2026-01-20T22:59:52","modified_gmt":"2026-01-21T03:59:52","slug":"anciens-presidents","status":"publish","type":"page","link":"https:\/\/www.optimiste-montmagny.ca\/index.php\/anciens-presidents\/","title":{"rendered":"Anciens pr\u00e9sidents"},"content":{"rendered":"\n<p>2025-2026&nbsp;&nbsp;&nbsp;&nbsp;&nbsp; Mathieu Audet<\/p>\n\n\n\n<p>2024-2025&nbsp;&nbsp;&nbsp;&nbsp;&nbsp; \u00c9tienne Jean<\/p>\n\n\n\n<p>2023-2024&nbsp;&nbsp;&nbsp;&nbsp;&nbsp; Marc-Andr\u00e9 Boucher<\/p>\n\n\n\n<p>2022-2023&nbsp;&nbsp;&nbsp;&nbsp;&nbsp; Maxime Bernier<\/p>\n\n\n\n<p>2021-2022&nbsp;&nbsp;&nbsp;&nbsp;&nbsp; Benoit L\u00e9vesque<\/p>\n\n\n\n<p>2019-2021&nbsp;&nbsp;&nbsp;&nbsp;&nbsp; Christian Collin<\/p>\n\n\n\n<p>2018-2019&nbsp;&nbsp;&nbsp;&nbsp;&nbsp; St\u00e9phane Coulombe<\/p>\n\n\n\n<p>2017-2018&nbsp;&nbsp;&nbsp;&nbsp;&nbsp; Dominique Gigu\u00e8re<\/p>\n\n\n\n<p>2016-2017&nbsp;&nbsp;&nbsp;&nbsp;&nbsp; St\u00e9phane Coulombe<\/p>\n\n\n\n<p>2015-2016&nbsp;&nbsp;&nbsp;&nbsp;&nbsp; Fran\u00e7ois Blanchet<\/p>\n\n\n\n<p>2014-2015&nbsp;&nbsp;&nbsp;&nbsp;&nbsp; Benoit L\u00e9vesque<\/p>\n\n\n\n<p>2013-2014&nbsp;&nbsp;&nbsp;&nbsp;&nbsp; S\u00e9bastien Lord<\/p>\n\n\n\n<p>2012-2013&nbsp;&nbsp;&nbsp;&nbsp;&nbsp; J\u00e9r\u00f4me Th\u00e9berge<\/p>\n\n\n\n<p>2011-2012&nbsp;&nbsp;&nbsp;&nbsp;&nbsp; Jean-Marc C\u00f4t\u00e9<\/p>\n\n\n\n<p>2010-2011&nbsp;&nbsp;&nbsp;&nbsp;&nbsp; Daniel Roy<\/p>\n\n\n\n<p>2009-2010&nbsp;&nbsp;&nbsp;&nbsp;&nbsp; Serge Blais<\/p>\n\n\n\n<p>2008-2009&nbsp;&nbsp;&nbsp;&nbsp;&nbsp; Charles-Antoine Hudon<\/p>\n\n\n\n<p>2007-2008      G\u00e9rald Beaulieu<\/p>\n\n\n\n<p>2006-2007&nbsp;&nbsp;&nbsp;&nbsp;&nbsp; Claude Dumas<\/p>\n\n\n\n<p>2005-2006&nbsp;&nbsp;&nbsp;&nbsp;&nbsp; Jocelyn Bernier<\/p>\n\n\n\n<p>2004-2005      Fr\u00e9d\u00e9ric Boss\u00e9<\/p>\n\n\n\n<p>2003-2004&nbsp;&nbsp;&nbsp;&nbsp;&nbsp; Fr\u00e9d\u00e9ric Jean&nbsp;&nbsp;<\/p>\n\n\n\n<p>2002-2003&nbsp;&nbsp;&nbsp;&nbsp;&nbsp; Alain Tremblay<\/p>\n\n\n\n<p>2001-2002&nbsp;&nbsp;&nbsp;&nbsp;&nbsp; R\u00e9jean Caron&nbsp;<\/p>\n\n\n\n<p>2000-2001&nbsp;&nbsp;&nbsp;&nbsp;&nbsp; R\u00e9al Delagrave<\/p>\n\n\n\n<p>1999-2000&nbsp;&nbsp;&nbsp;&nbsp;&nbsp; Normand Morin<\/p>\n\n\n\n<p>1998-1999\u00a0\u00a0\u00a0\u00a0\u00a0 St\u00e9phane Dumas<\/p>\n\n\n\n<p>1997-1998       Marc Boulet\u00a0\u00a0\u00a0<\/p>\n\n\n\n<ol class=\"wp-block-list\"><\/ol>\n\n\n\n<p>1996-1997&nbsp;&nbsp;&nbsp;&nbsp;&nbsp; Michel Proulx<\/p>\n\n\n\n<p>1995-1996&nbsp;&nbsp;&nbsp;&nbsp;&nbsp; R\u00e9jean Simoneau<\/p>\n\n\n\n<p>1994-1995&nbsp;&nbsp;&nbsp;&nbsp;&nbsp; Jean Normand<\/p>\n\n\n\n<p>1993-1994&nbsp;&nbsp;&nbsp;&nbsp;&nbsp; Andr\u00e9 Fortin&nbsp;&nbsp;<\/p>\n\n\n\n<p>1992-1993&nbsp;&nbsp;&nbsp;&nbsp;&nbsp; Yvon Boulet<\/p>\n\n\n\n<p>1991-1992&nbsp;&nbsp;&nbsp;&nbsp;&nbsp; Denys Bertrand<\/p>\n\n\n\n<p>1990-1991&nbsp;&nbsp;&nbsp;&nbsp;&nbsp; Gilles Mercier<\/p>\n\n\n\n<p>1989-1990&nbsp;&nbsp;&nbsp;&nbsp;&nbsp; Jacques Paquet<\/p>\n\n\n\n<p>1987-1989&nbsp;&nbsp;&nbsp;&nbsp;&nbsp; Germain Simard<\/p>\n\n\n\n<p>1986-1987&nbsp;&nbsp;&nbsp;&nbsp;&nbsp; Simon Gosselin<\/p>\n\n\n\n<p>1985-1986&nbsp;&nbsp;&nbsp;&nbsp;&nbsp; Michel Morency<\/p>\n\n\n\n<p>1984-1985&nbsp;&nbsp;&nbsp;&nbsp;&nbsp; Denis Gagn\u00e9&nbsp;&nbsp;<\/p>\n\n\n\n<p>1983-1984&nbsp;&nbsp;&nbsp;&nbsp;&nbsp; Richard Morin<\/p>\n\n\n\n<p>1982-1983&nbsp;&nbsp;&nbsp;&nbsp;&nbsp; Alain Blais<\/p>\n\n\n\n<p>1981-1982&nbsp;&nbsp;&nbsp;&nbsp;&nbsp; Gilles Corriveau<\/p>\n\n\n\n<p>1980-1981&nbsp;&nbsp;&nbsp;&nbsp;&nbsp; Jean Gendreau<\/p>\n\n\n\n<p>1979-1980&nbsp;&nbsp;&nbsp;&nbsp;&nbsp; Simon Gosselin<\/p>\n\n\n\n<p>1978-1979&nbsp;&nbsp;&nbsp;&nbsp;&nbsp; Pierre Chabot<\/p>\n\n\n\n<p>1977-1978\u00a0\u00a0\u00a0\u00a0\u00a0 Marc Boulanger<\/p>\n\n\n\n<p>1976-1977      Yvon L\u00e9vesque<\/p>\n\n\n\n<ol class=\"wp-block-list\"><\/ol>\n\n\n\n<p>1975-1976&nbsp;&nbsp;&nbsp;&nbsp;&nbsp; Louis Taschereau<\/p>\n\n\n\n<p>1974-1975&nbsp;&nbsp;&nbsp;&nbsp;&nbsp; Alain Boulay<\/p>\n\n\n\n<p>1973-1974&nbsp;&nbsp;&nbsp;&nbsp;&nbsp; Bertrand Gaudreau<\/p>\n","protected":false},"excerpt":{"rendered":"<p>2025-2026&nbsp;&nbsp;&nbsp;&nbsp;&nbsp; Mathieu Audet 2024-2025&nbsp;&nbsp;&nbsp;&nbsp;&nbsp; \u00c9tienne Jean 2023-2024&nbsp;&nbsp;&nbsp;&nbsp;&nbsp; Marc-Andr\u00e9 Boucher 2022-2023&nbsp;&nbsp;&nbsp;&nbsp;&nbsp; Maxime Bernier 2021-2022&nbsp;&nbsp;&nbsp;&nbsp;&nbsp; Benoit L\u00e9vesque 2019-2021&nbsp;&nbsp;&nbsp;&nbsp;&nbsp; Christian Collin 2018-2019&nbsp;&nbsp;&nbsp;&nbsp;&nbsp; St\u00e9phane Coulombe 2017-2018&nbsp;&nbsp;&nbsp;&nbsp;&nbsp; Dominique Gigu\u00e8re 2016-2017&nbsp;&nbsp;&nbsp;&nbsp;&nbsp; St\u00e9phane Coulombe 2015-2016&nbsp;&nbsp;&nbsp;&nbsp;&nbsp; Fran\u00e7ois Blanchet 2014-2015&nbsp;&nbsp;&nbsp;&nbsp;&nbsp; Benoit L\u00e9vesque 2013-2014&nbsp;&nbsp;&nbsp;&nbsp;&nbsp; S\u00e9bastien Lord 2012-2013&nbsp;&nbsp;&nbsp;&nbsp;&nbsp; J\u00e9r\u00f4me Th\u00e9berge 2011-2012&nbsp;&nbsp;&nbsp;&nbsp;&nbsp; Jean-Marc C\u00f4t\u00e9 2010-2011&nbsp;&nbsp;&nbsp;&nbsp;&nbsp; Daniel Roy 2009-2010&nbsp;&nbsp;&nbsp;&nbsp;&nbsp; Serge Blais 2008-2009&nbsp;&nbsp;&nbsp;&nbsp;&nbsp; Charles-Antoine Hudon 2007-2008 G\u00e9rald Beaulieu 2006-2007&nbsp;&nbsp;&nbsp;&nbsp;&nbsp; [&hellip;]<\/p>\n","protected":false},"author":1,"featured_media":0,"parent":0,"menu_order":0,"comment_status":"closed","ping_status":"closed","template":"","meta":{"footnotes":""},"class_list":["post-26","page","type-page","status-publish","hentry"],"_links":{"self":[{"href":"https:\/\/www.optimiste-montmagny.ca\/index.php\/wp-json\/wp\/v2\/pages\/26","targetHints":{"allow":["GET"]}}],"collection":[{"href":"https:\/\/www.optimiste-montmagny.ca\/index.php\/wp-json\/wp\/v2\/pages"}],"about":[{"href":"https:\/\/www.optimiste-montmagny.ca\/index.php\/wp-json\/wp\/v2\/types\/page"}],"author":[{"embeddable":true,"href":"https:\/\/www.optimiste-montmagny.ca\/index.php\/wp-json\/wp\/v2\/users\/1"}],"replies":[{"embeddable":true,"href":"https:\/\/www.optimiste-montmagny.ca\/index.php\/wp-json\/wp\/v2\/comments?post=26"}],"version-history":[{"count":1,"href":"https:\/\/www.optimiste-montmagny.ca\/index.php\/wp-json\/wp\/v2\/pages\/26\/revisions"}],"predecessor-version":[{"id":27,"href":"https:\/\/www.optimiste-montmagny.ca\/index.php\/wp-json\/wp\/v2\/pages\/26\/revisions\/27"}],"wp:attachment":[{"href":"https:\/\/www.optimiste-montmagny.ca\/index.php\/wp-json\/wp\/v2\/media?parent=26"}],"curies":[{"name":"wp","href":"https:\/\/api.w.org\/{rel}","templated":true}]}}