{"id":7,"date":"2026-01-21T02:53:55","date_gmt":"2026-01-21T02:53:55","guid":{"rendered":"https:\/\/www.optimiste-montmagny.ca\/?page_id=7"},"modified":"2026-01-20T23:09:06","modified_gmt":"2026-01-21T04:09:06","slug":"bienvenue","status":"publish","type":"page","link":"https:\/\/www.optimiste-montmagny.ca\/","title":{"rendered":"Bienvenue"},"content":{"rendered":"\n<p>Le club Optimiste de Montmagny est pr\u00e9sent depuis 1973 pour aider la jeunesse de la r\u00e9gion de Montmagny.<\/p>\n\n\n\n<p>Chaque ann\u00e9e, nous distribuons des milliers de dollars \u00e0 des organismes et des jeunes de la r\u00e9gion. D\u00e9couvrez nos oeuvres en cliquant sur les liens ci-haut.<\/p>\n\n\n\n<p>Bonne visite sur notre site. <\/p>\n\n\n\n<p>Si vous d\u00e9sirez communiquer avec nous, vous pouvez utiliser le formulaire ci-dessous.<\/p>\n\n\n\n<p><\/p>\n\n\n\n<p><strong>Communiquer avec nous<\/strong><\/p>\n\n\n\n<div class=\"forminator-guttenberg\"><div class=\"forminator-ui forminator-custom-form forminator-custom-form-30 forminator-design--default  forminator_ajax\" data-forminator-render=\"0\" data-form=\"forminator-module-30\" data-uid=\"69fe5ca578005\"><br\/><\/div><form\n\t\t\t\tid=\"forminator-module-30\"\n\t\t\t\tclass=\"forminator-ui forminator-custom-form forminator-custom-form-30 forminator-design--default  forminator_ajax\"\n\t\t\t\tmethod=\"post\"\n\t\t\t\tdata-forminator-render=\"0\"\n\t\t\t\tdata-form-id=\"30\"\n\t\t\t\t data-color-option=\"theme\" data-design=\"default\" data-grid=\"open\" style=\"display: none;\"\n\t\t\t\tdata-uid=\"69fe5ca578005\"\n\t\t\t><div role=\"alert\" aria-live=\"polite\" class=\"forminator-response-message forminator-error\" aria-hidden=\"true\"><\/div><div class=\"forminator-row\"><div id=\"name-1\" class=\"forminator-field-name forminator-col forminator-col-12 \"><div class=\"forminator-field\"><label for=\"forminator-field-name-1_69fe5ca578005\" id=\"forminator-field-name-1_69fe5ca578005-label\" class=\"forminator-label\">Nom <span class=\"forminator-required\">*<\/span><\/label><input type=\"text\" name=\"name-1\" value=\"\" placeholder=\"\" id=\"forminator-field-name-1_69fe5ca578005\" class=\"forminator-input forminator-name--field\" aria-required=\"true\" autocomplete=\"name\" \/><\/div><\/div><\/div><div class=\"forminator-row\"><div id=\"email-1\" class=\"forminator-field-email forminator-col forminator-col-12 \"><div class=\"forminator-field\"><label for=\"forminator-field-email-1_69fe5ca578005\" id=\"forminator-field-email-1_69fe5ca578005-label\" class=\"forminator-label\">Courriel <span class=\"forminator-required\">*<\/span><\/label><input type=\"email\" name=\"email-1\" value=\"\" placeholder=\"\" id=\"forminator-field-email-1_69fe5ca578005\" class=\"forminator-input forminator-email--field\" data-required=\"true\" aria-required=\"true\" autocomplete=\"email\" \/><\/div><\/div><\/div><div class=\"forminator-row\"><div id=\"phone-1\" class=\"forminator-field-phone forminator-col forminator-col-12 \"><div class=\"forminator-field\"><label for=\"forminator-field-phone-1_69fe5ca578005\" id=\"forminator-field-phone-1_69fe5ca578005-label\" class=\"forminator-label\">T\u00e9l\u00e9phone<\/label><input type=\"text\" name=\"phone-1\" value=\"\" placeholder=\"\" id=\"forminator-field-phone-1_69fe5ca578005\" class=\"forminator-input forminator-field--phone\" data-required=\"\" aria-required=\"false\" autocomplete=\"off\" \/><\/div><\/div><\/div><div class=\"forminator-row\"><div id=\"textarea-1\" class=\"forminator-field-textarea forminator-col forminator-col-12 \"><div class=\"forminator-field\"><label for=\"forminator-field-textarea-1_69fe5ca578005\" id=\"forminator-field-textarea-1_69fe5ca578005-label\" class=\"forminator-label\">Message<\/label><span id=\"forminator-field-textarea-1_69fe5ca578005-description\" class=\"forminator-description\"><span data-limit=\"180\" data-type=\"characters\" data-editor=\"\">0 \/ 180<\/span><\/span><textarea name=\"textarea-1\" placeholder=\"\" id=\"forminator-field-textarea-1_69fe5ca578005\" class=\"forminator-textarea\" rows=\"6\" style=\"min-height:140px;\" maxlength=\"180\" ><\/textarea><\/div><\/div><\/div><input type=\"hidden\" name=\"referer_url\" value=\"\" \/><div class=\"forminator-row forminator-row-last\"><div class=\"forminator-col\"><div class=\"forminator-field\"><button class=\"forminator-button forminator-button-submit\">Envoyer<\/button><\/div><\/div><\/div><input type=\"hidden\" id=\"forminator_nonce\" name=\"forminator_nonce\" value=\"5ec6180a86\" \/><input type=\"hidden\" name=\"_wp_http_referer\" value=\"\/index.php\/wp-json\/wp\/v2\/pages\/7\" \/><input type=\"hidden\" name=\"form_id\" value=\"30\"><input type=\"hidden\" name=\"page_id\" value=\"7\"><input type=\"hidden\" name=\"form_type\" value=\"default\"><input type=\"hidden\" name=\"current_url\" value=\"https:\/\/www.optimiste-montmagny.ca\/\"><input type=\"hidden\" name=\"render_id\" value=\"0\"><input type=\"hidden\" name=\"action\" value=\"forminator_submit_form_custom-forms\"><\/form><\/div>\n","protected":false},"excerpt":{"rendered":"<p>Le club Optimiste de Montmagny est pr\u00e9sent depuis 1973 pour aider la jeunesse de la r\u00e9gion de Montmagny. Chaque ann\u00e9e, nous distribuons des milliers de dollars \u00e0 des organismes et des jeunes de la r\u00e9gion. D\u00e9couvrez nos oeuvres en cliquant sur les liens ci-haut. Bonne visite sur notre site. Si vous d\u00e9sirez communiquer avec nous, [&hellip;]<\/p>\n","protected":false},"author":1,"featured_media":0,"parent":0,"menu_order":0,"comment_status":"closed","ping_status":"closed","template":"","meta":{"footnotes":""},"class_list":["post-7","page","type-page","status-publish","hentry"],"_links":{"self":[{"href":"https:\/\/www.optimiste-montmagny.ca\/index.php\/wp-json\/wp\/v2\/pages\/7","targetHints":{"allow":["GET"]}}],"collection":[{"href":"https:\/\/www.optimiste-montmagny.ca\/index.php\/wp-json\/wp\/v2\/pages"}],"about":[{"href":"https:\/\/www.optimiste-montmagny.ca\/index.php\/wp-json\/wp\/v2\/types\/page"}],"author":[{"embeddable":true,"href":"https:\/\/www.optimiste-montmagny.ca\/index.php\/wp-json\/wp\/v2\/users\/1"}],"replies":[{"embeddable":true,"href":"https:\/\/www.optimiste-montmagny.ca\/index.php\/wp-json\/wp\/v2\/comments?post=7"}],"version-history":[{"count":4,"href":"https:\/\/www.optimiste-montmagny.ca\/index.php\/wp-json\/wp\/v2\/pages\/7\/revisions"}],"predecessor-version":[{"id":9,"href":"https:\/\/www.optimiste-montmagny.ca\/index.php\/wp-json\/wp\/v2\/pages\/7\/revisions\/9"}],"wp:attachment":[{"href":"https:\/\/www.optimiste-montmagny.ca\/index.php\/wp-json\/wp\/v2\/media?parent=7"}],"curies":[{"name":"wp","href":"https:\/\/api.w.org\/{rel}","templated":true}]}}